{"id":49222,"date":"2020-12-08T08:26:01","date_gmt":"2020-12-08T08:26:01","guid":{"rendered":"https:\/\/dimensionturistica.com\/es\/?page_id=49222"},"modified":"2025-04-01T20:51:46","modified_gmt":"2025-04-01T20:51:46","slug":"historia-de-dimension-turistica","status":"publish","type":"page","link":"https:\/\/dimensionturistica.com\/es\/historia-de-dimension-turistica\/","title":{"rendered":"Celebrating 35 Years"},"content":{"rendered":"<p class=\"\" data-start=\"0\" data-end=\"372\">Born in Mexico City on April 28th, Xavier Orizaga y Mill\u00e1n was a pioneer in tourism journalism and social chronicles. He challenged the status quo of the Latin American tourism sector, which often held traditional views, and became known in the industry as a gallant of gallants, an admirer of women, a storyteller, a visionary, and an individual deeply in love with life.<\/p>\n<p class=\"\" data-start=\"374\" data-end=\"637\">In 1987, Xavier Orizaga founded DTM or <em data-start=\"406\" data-end=\"427\">Dimensi\u00f3n Tur\u00edstica Magazine<\/em>,\u00a0 and later its sister publication, <em data-start=\"463\" data-end=\"482\">Mundo de Cruceros<\/em>. Both magazines grew over the years into leading references in niche journalism, specifically focusing on the Latin American cruise and travel industries.<\/p>\n<p class=\"\" data-start=\"639\" data-end=\"942\">For more than 35 years, <em data-start=\"663\" data-end=\"684\">Dimensi\u00f3n Tur\u00edstica<\/em> has stood as a prominent editorial leader in the travel industry on an international scale. With the advancement of technology, we now deliver industry news and international travel articles across a variety of niches, targeting diverse audiences worldwide.<\/p>\n<p class=\"\" data-start=\"944\" data-end=\"1149\">We operate with a philosophy rooted in responsible journalism. Alongside our partners, we not only share fresh stories about the industry but also highlight those that are relevant to travelers everywhere.<\/p>\n<p class=\"\" data-start=\"1151\" data-end=\"1352\"><em data-start=\"1151\" data-end=\"1172\">Dimensi\u00f3n Tur\u00edstica<\/em> is now a part of the iS Group, reaching readers in over 45 countries around the world. Today, it is one of the largest market share participants in the global tourism news sector.<\/p>\n<hr \/>\n<h1><strong>Celebrando 35 a\u00f1os:<\/strong><\/h1>\n<p>Nacido en la Ciudad de M\u00e9xico el 28 de abril, Xavier Orizaga y Mill\u00e1n fue un pionero del periodismo tur\u00edstico y las cr\u00f3nicas sociales. Desafi\u00f3 el statu quo del sector tur\u00edstico latinoamericano, el cual era tradicionalmente conservador, y se hizo conocido en la industria como un galante de galantes, un admirador de las mujeres, un narrador de historias, un visionario y, sobre todo, un individuo profundamente enamorado de la vida.<\/p>\n<p>En 1987, Xavier Orizaga fund\u00f3 DTM o<em> Dimensi\u00f3n Tur\u00edstica Magazine<\/em> y m\u00e1s tarde su revista hermana, <em>Mundo de Cruceros<\/em>. Ambas publicaciones crecieron a lo largo de los a\u00f1os, convirti\u00e9ndose en referentes del periodismo especializado en la industria de los cruceros y el turismo en Latinoam\u00e9rica.<\/p>\n<p>Durante m\u00e1s de 35 a\u00f1os, <em>Dimensi\u00f3n Tur\u00edstica<\/em> ha sido una referencia editorial destacada en la industria del turismo a nivel internacional. Con el advenimiento de la tecnolog\u00eda, hoy en d\u00eda ofrecemos noticias del sector y art\u00edculos sobre viajes internacionales en una variedad de nichos, dirigidos a audiencias \u00fanicas en todo el mundo.<\/p>\n<p>Operamos bajo una filosof\u00eda de periodismo responsable. Junto con nuestros socios, no solo distribuimos noticias sobre la industria, sino tambi\u00e9n historias que son relevantes para los viajeros.<\/p>\n<p><em>Dimensi\u00f3n Tur\u00edstica<\/em> forma parte del Grupo iS, con una audiencia en m\u00e1s de 45 pa\u00edses alrededor del mundo. Actualmente, es uno de los principales participantes del mercado en el sector de noticias tur\u00edsticas a nivel internacional.<\/p>\n","protected":false},"excerpt":{"rendered":"<p>Born in Mexico City on April 28th, Xavier Orizaga y Mill\u00e1n was a pioneer in tourism journalism and social chronicles. He challenged the status quo of the Latin American tourism sector, which often held traditional views, and became known in the industry as a gallant of gallants, an admirer of women, a storyteller, a visionary, [&hellip;]<\/p>\n","protected":false},"author":5,"featured_media":0,"parent":0,"menu_order":0,"comment_status":"closed","ping_status":"closed","template":"","meta":{"om_disable_all_campaigns":false,"jnews_page_loop":{"enable_page_loop":"0","first_title":"Latest Post","second_title":"","header_type":"heading_6","header_background":"","header_text_color":"","layout":"right-sidebar","sidebar":"default-sidebar","second_sidebar":"default-sidebar","sticky_sidebar":"1","module":"3","boxed":"0","boxed_shadow":"0","box_shadow":"0","excerpt_length":"20","content_date":"default","date_custom":"Y\/m\/d","content_pagination":"nav_1","pagination_align":"center","show_navtext":"0","show_pageinfo":"0","post_offset":"0","posts_per_page":"5","include_post":"","exclude_post":"","include_category":"","exclude_category":"","include_author":"","include_tag":"","exclude_tag":"","sort_by":"latest","main_custom_image_size":"default","second_custom_image_size":"default","post_sticky":"0"},"jnews_single_page":{"layout":"no-sidebar","sidebar":"default-sidebar","second_sidebar":"default-sidebar","sticky_sidebar":"1","show_post_featured":"1","show_post_meta":"0","share_position":"top","share_color":"share-monocrhome","show_post_title":"1","show_post_breadcrumbs":"1"},"jnews_social_meta":{"fb_title":"","fb_description":"","fb_image":"","twitter_title":"","twitter_description":"","twitter_image":""},"footnotes":""},"class_list":["post-49222","page","type-page","status-publish","hentry"],"_links":{"self":[{"href":"https:\/\/dimensionturistica.com\/es\/wp-json\/wp\/v2\/pages\/49222","targetHints":{"allow":["GET"]}}],"collection":[{"href":"https:\/\/dimensionturistica.com\/es\/wp-json\/wp\/v2\/pages"}],"about":[{"href":"https:\/\/dimensionturistica.com\/es\/wp-json\/wp\/v2\/types\/page"}],"author":[{"embeddable":true,"href":"https:\/\/dimensionturistica.com\/es\/wp-json\/wp\/v2\/users\/5"}],"replies":[{"embeddable":true,"href":"https:\/\/dimensionturistica.com\/es\/wp-json\/wp\/v2\/comments?post=49222"}],"version-history":[{"count":0,"href":"https:\/\/dimensionturistica.com\/es\/wp-json\/wp\/v2\/pages\/49222\/revisions"}],"wp:attachment":[{"href":"https:\/\/dimensionturistica.com\/es\/wp-json\/wp\/v2\/media?parent=49222"}],"curies":[{"name":"wp","href":"https:\/\/api.w.org\/{rel}","templated":true}]}}