{"id":49186,"date":"2020-12-08T08:24:10","date_gmt":"2020-12-08T08:24:10","guid":{"rendered":"https:\/\/dimensionturistica.com\/es\/?page_id=49186"},"modified":"2025-04-01T21:00:17","modified_gmt":"2025-04-01T21:00:17","slug":"about-us","status":"publish","type":"page","link":"https:\/\/dimensionturistica.com\/es\/about-us\/","title":{"rendered":"About DTM"},"content":{"rendered":"<p class=\"\" data-start=\"153\" data-end=\"590\"><em data-start=\"153\" data-end=\"183\">Dimensi\u00f3n Tur\u00edstica Magazine<\/em>, part of the iSG Group, is an international electronic and printed publication founded in 1987 in Mexico City. Over the years, it has evolved into a leading global travel resource, delivering industry news and travel articles across a variety of niches. Our content is tailored to unique audiences around the world, making us a trusted source for those seeking comprehensive and diverse travel information.<\/p>\n<p class=\"\" data-start=\"592\" data-end=\"1323\">At <em data-start=\"595\" data-end=\"616\">Dimensi\u00f3n Tur\u00edstica<\/em>, we believe travel is more than just a vacation \u2013 it\u2019s a way of life. Our goal is to help you experience the joy of discovering off-the-beaten-path destinations from every corner of the globe. Whether you&#8217;re an adventurer, a culture enthusiast, or a culinary explorer, we have something for everyone. Our dedicated writers travel extensively, immersing themselves in the local culture to capture the essence of each destination. They explore each place as locals do, seeking what makes these destinations truly unique. From hidden gems to well-known hotspots, we offer fresh, independent perspectives in the form of captivating travel essays and in-depth local guides that go far beyond typical guidebooks.<\/p>\n<p class=\"\" data-start=\"1325\" data-end=\"1828\">The <em data-start=\"1329\" data-end=\"1350\">Dimensi\u00f3n Tur\u00edstica<\/em> staff is passionate about exploring the world and experiencing every facet of the places they write about. We don\u2019t just visit a destination; we live it. From savoring the local cuisine to listening to the sounds of the streets, we aim to share the most authentic and sensory-rich travel experiences with our readers. Our goal is to inspire you to see the world through our eyes, painting a vivid picture of the cultures, landscapes, and people that make each place so special.<\/p>\n<p class=\"\" data-start=\"1830\" data-end=\"2153\">Our mission is clear: to fuel your sense of adventure, spark your imagination, and inspire you to dream of the next big journey. We provide you with the knowledge and insights you need to turn your travel dreams into reality. With our help, you\u2019ll discover new places, embrace new cultures, and make unforgettable memories.<\/p>\n<p class=\"\" data-start=\"2155\" data-end=\"2292\">So, pack your bags, join us on this incredible journey, and let <em data-start=\"2219\" data-end=\"2240\">Dimensi\u00f3n Tur\u00edstica<\/em> be your trusted companion as you explore the world!<\/p>\n<hr class=\"\" data-start=\"2294\" data-end=\"2297\" \/>\n<h1 data-start=\"2324\" data-end=\"2861\"><strong>Acerca de DTM<\/strong> <em data-start=\"2324\" data-end=\"2354\"><br \/>\n<\/em><\/h1>\n<p>DTM o\u00a0<em data-start=\"2324\" data-end=\"2354\">Dimensi\u00f3n Tur\u00edstica Magazine<\/em>, parte del Grupo iSG, es una publicaci\u00f3n internacional electr\u00f3nica e impresa fundada en 1987 en la Ciudad de M\u00e9xico. A lo largo de los a\u00f1os, se ha consolidado como una referencia l\u00edder en el \u00e1mbito global Tur\u00edstico, ofreciendo noticias del sector y art\u00edculos sobre viajes en una variedad de nichos. Nuestro contenido est\u00e1 dise\u00f1ado para audiencias \u00fanicas de todo el mundo, convirti\u00e9ndonos en una fuente confiable para quienes buscan informaci\u00f3n completa y diversa sobre destinos y tendencias tur\u00edsticas.<\/p>\n<p class=\"\" data-start=\"2863\" data-end=\"3668\">En <em data-start=\"2866\" data-end=\"2887\">Dimensi\u00f3n Tur\u00edstica<\/em>, creemos que viajar es m\u00e1s que unas vacaciones; es una forma de vida. Nuestro objetivo es ayudarte a experimentar la alegr\u00eda de descubrir destinos \u00fanicos fuera de los circuitos tur\u00edsticos tradicionales. Ya sea que seas un aventurero, un amante de la cultura o un explorador gastron\u00f3mico, tenemos algo para ti. Nuestros escritores viajan por todo el mundo, sumergi\u00e9ndose en la cultura local para captar la esencia de cada destino. Exploran cada lugar como lo har\u00eda un habitante local, buscando aquello que hace a cada destino realmente especial. Desde los rincones m\u00e1s ocultos hasta los puntos m\u00e1s visitados, ofrecemos perspectivas frescas e independientes en forma de cautivadores ensayos de viaje y gu\u00edas locales detalladas que van mucho m\u00e1s all\u00e1 de los t\u00edpicos gu\u00edas tur\u00edsticas.<\/p>\n<p class=\"\" data-start=\"3670\" data-end=\"4241\">El equipo de <em data-start=\"3683\" data-end=\"3704\">Dimensi\u00f3n Tur\u00edstica<\/em> est\u00e1 profundamente comprometido con la exploraci\u00f3n del mundo y la experiencia de todos los aspectos de los lugares sobre los que escriben. No solo visitamos un destino; lo vivimos. Desde saborear la gastronom\u00eda local hasta escuchar los sonidos de las calles, nuestro objetivo es compartir con nuestros lectores las experiencias m\u00e1s aut\u00e9nticas y sensoriales de cada lugar. Queremos inspirarte a ver el mundo a trav\u00e9s de nuestros ojos, pintando un retrato v\u00edvido de las culturas, paisajes y personas que hacen a cada destino tan especial.<\/p>\n<p class=\"\" data-start=\"4243\" data-end=\"4593\">Nuestra misi\u00f3n es clara: alimentar tu sentido de aventura, encender tu imaginaci\u00f3n e inspirarte a so\u00f1ar con el pr\u00f3ximo gran viaje. Te proporcionamos todo el conocimiento y las ideas que necesitas para hacer de tus sue\u00f1os de viaje una realidad. Con nuestra ayuda, descubrir\u00e1s nuevos lugares, abrazar\u00e1s nuevas culturas y crear\u00e1s recuerdos inolvidables.<\/p>\n<p class=\"\" data-start=\"4595\" data-end=\"4756\">As\u00ed que, \u00a1haz las maletas, \u00fanete a nosotros en esta incre\u00edble aventura y deja que <em data-start=\"4677\" data-end=\"4698\">Dimensi\u00f3n Tur\u00edstica<\/em> sea tu compa\u00f1ero de confianza mientras exploras el mundo!<\/p>\n","protected":false},"excerpt":{"rendered":"<p>Dimensi\u00f3n Tur\u00edstica Magazine, part of the iSG Group, is an international electronic and printed publication founded in 1987 in Mexico City. Over the years, it has evolved into a leading global travel resource, delivering industry news and travel articles across a variety of niches. Our content is tailored to unique audiences around the world, making [&hellip;]<\/p>\n","protected":false},"author":5,"featured_media":0,"parent":0,"menu_order":0,"comment_status":"closed","ping_status":"closed","template":"","meta":{"om_disable_all_campaigns":false,"jnews_page_loop":{"enable_page_loop":"0","first_title":"Latest Post","second_title":"","header_type":"heading_6","header_background":"","header_text_color":"","layout":"right-sidebar","sidebar":"default-sidebar","second_sidebar":"default-sidebar","sticky_sidebar":"1","module":"3","boxed":"0","boxed_shadow":"0","box_shadow":"0","excerpt_length":"20","content_date":"default","date_custom":"Y\/m\/d","content_pagination":"nav_1","pagination_align":"center","show_navtext":"0","show_pageinfo":"0","post_offset":"0","posts_per_page":"5","include_post":"","exclude_post":"","include_category":"","exclude_category":"","include_author":"","include_tag":"","exclude_tag":"","sort_by":"latest","main_custom_image_size":"default","second_custom_image_size":"default","post_sticky":"0"},"jnews_single_page":{"layout":"no-sidebar","sidebar":"default-sidebar","second_sidebar":"default-sidebar","sticky_sidebar":"1","show_post_featured":"1","show_post_meta":"0","share_position":"top","share_color":"share-monocrhome","show_post_title":"1","show_post_breadcrumbs":"1"},"jnews_social_meta":{"fb_title":"","fb_description":"","fb_image":"","twitter_title":"","twitter_description":"","twitter_image":""},"footnotes":""},"class_list":["post-49186","page","type-page","status-publish","hentry"],"_links":{"self":[{"href":"https:\/\/dimensionturistica.com\/es\/wp-json\/wp\/v2\/pages\/49186","targetHints":{"allow":["GET"]}}],"collection":[{"href":"https:\/\/dimensionturistica.com\/es\/wp-json\/wp\/v2\/pages"}],"about":[{"href":"https:\/\/dimensionturistica.com\/es\/wp-json\/wp\/v2\/types\/page"}],"author":[{"embeddable":true,"href":"https:\/\/dimensionturistica.com\/es\/wp-json\/wp\/v2\/users\/5"}],"replies":[{"embeddable":true,"href":"https:\/\/dimensionturistica.com\/es\/wp-json\/wp\/v2\/comments?post=49186"}],"version-history":[{"count":0,"href":"https:\/\/dimensionturistica.com\/es\/wp-json\/wp\/v2\/pages\/49186\/revisions"}],"wp:attachment":[{"href":"https:\/\/dimensionturistica.com\/es\/wp-json\/wp\/v2\/media?parent=49186"}],"curies":[{"name":"wp","href":"https:\/\/api.w.org\/{rel}","templated":true}]}}